{"id":1123,"date":"2022-12-10T13:48:33","date_gmt":"2022-12-10T13:48:33","guid":{"rendered":"https:\/\/cabocoart.com\/racar\/"},"modified":"2022-12-10T13:57:41","modified_gmt":"2022-12-10T13:57:41","slug":"racar","status":"publish","type":"page","link":"https:\/\/www.cabocoart.com\/en\/racar\/","title":{"rendered":"Racar"},"content":{"rendered":"\n<p>Juazeiro do Norte is considered one of the greatest exponents of cultural manifestation in Brazil, motivated by being a great center of popular religiosity, thanks to the figure of Padre C\u00edcero. <\/p>\n\n<p>Handicrafts are one of its main economic activities and emerged during the time of the priest, who encouraged activities that guaranteed work and income for the inhabitants. <\/p>\n\n<p>Many craftsmen seek inspiration from the great characters of local and regional culture such as Padre C\u00edcero and Lampi\u00e3o, from the sertanejo himself or representing traditions, whether in religious festivities, as well as in dances (reisado, lapinha, etc.). <\/p>\n\n<p>In art, they diversify pieces in wood, straw, leather, clay, iron, plaster and even the cordel literature that gives strength to the woodcut. All this is the result of creativity, with the imagination of each artist portraying the reality of Juazeiro made by intelligent people.<\/p>\n\n<p>Racar was born in this context and signs his works with that name because his full name is Raimundo Caetano Rodrigues. Born in 1966, he worked on farms. \u201cWhere I lived there was a person who carved in wood. <\/p>\n\n<p>I knew there was such a thing to do, but I didn&#8217;t know I could be a professional on it. One day, I saw a friend working. I took the tool and made a saint sculpture. That was in 1987 and the piece I sculpted was a S\u00e3o Sebasti\u00e3o. From then on, I started working with just that. I make different shapes, but I like to sculpt things from the earth, our folklore. My life today is less suffering. I work only for myself, I don&#8217;t work for anyone anymore.\u201d<br \/><\/p>\n\n<p>Raimundo works at home and at the Associa\u00e7\u00e3o dos Artes\u00e3os Padre C\u00edcero, where he spends most of his time.<\/p>\n<div data-block-name=\"woocommerce\/product-category\" data-categories=\"[42]\" class=\"wc-block-grid wp-block-product-category wc-block-product-category has-3-columns has-multiple-rows\"><ul class=\"wc-block-grid__products\"><li class=\"wc-block-grid__product product-grid \">\n\t\t\t\t<div class=\"loop-image-wrap botiga-add-to-cart-button-layout3\">\n\t\t\t\t\t<a href=\"https:\/\/www.cabocoart.com\/produto\/mamolengo\/\" class=\"wc-block-grid__product-link\">\n\t\t\t\t\t\t<div class=\"wc-block-grid__product-image\"><img fetchpriority=\"high\" decoding=\"async\" width=\"420\" height=\"525\" src=\"https:\/\/www.cabocoart.com\/wp-content\/uploads\/2022\/07\/RACAR-CASAL-MAMULENGO-CABOCO-420x525.jpg\" class=\"attachment-woocommerce_thumbnail size-woocommerce_thumbnail\" alt=\"Mamolengo\" srcset=\"https:\/\/www.cabocoart.com\/wp-content\/uploads\/2022\/07\/RACAR-CASAL-MAMULENGO-CABOCO-420x525.jpg 420w, https:\/\/www.cabocoart.com\/wp-content\/uploads\/2022\/07\/RACAR-CASAL-MAMULENGO-CABOCO.jpg 800w\" sizes=\"(max-width: 420px) 100vw, 420px\" \/><\/div>\n\t\t\t\t\t<\/a><div class=\"loop-button-wrap button-layout3\"><div class=\"wp-block-button wc-block-grid__product-add-to-cart\"><a href=\"https:\/\/www.cabocoart.com\/produto\/mamolengo\/\" aria-label=\"Read more about &ldquo;Mamolengo&rdquo;\" data-quantity=\"1\" data-product_id=\"111\" data-product_sku=\"GP580CL0\" rel=\"nofollow\" class=\"wp-block-button__link add_to_cart_button\">Read more<\/a><\/div><\/div><\/div><a href=\"https:\/\/www.cabocoart.com\/produto\/mamolengo\/\" class=\"wc-block-grid__product-link\">\n\t\t\t\t\t<div class=\"wc-block-grid__product-title\">Mamolengo<\/div>\n\t\t\t\t<\/a><div class=\"wc-block-grid__product-price price\"><\/div><\/li><\/ul><\/div>","protected":false},"excerpt":{"rendered":"<p>Juazeiro do Norte is considered one of the greatest exponents of cultural manifestation in Brazil, motivated by being a great center of popular religiosity, thanks to the figure of Padre [&hellip;]<\/p>\n","protected":false},"author":1,"featured_media":0,"parent":0,"menu_order":0,"comment_status":"closed","ping_status":"closed","template":"","meta":{"footnotes":""},"_links":{"self":[{"href":"https:\/\/www.cabocoart.com\/en\/wp-json\/wp\/v2\/pages\/1123"}],"collection":[{"href":"https:\/\/www.cabocoart.com\/en\/wp-json\/wp\/v2\/pages"}],"about":[{"href":"https:\/\/www.cabocoart.com\/en\/wp-json\/wp\/v2\/types\/page"}],"author":[{"embeddable":true,"href":"https:\/\/www.cabocoart.com\/en\/wp-json\/wp\/v2\/users\/1"}],"replies":[{"embeddable":true,"href":"https:\/\/www.cabocoart.com\/en\/wp-json\/wp\/v2\/comments?post=1123"}],"version-history":[{"count":2,"href":"https:\/\/www.cabocoart.com\/en\/wp-json\/wp\/v2\/pages\/1123\/revisions"}],"predecessor-version":[{"id":1126,"href":"https:\/\/www.cabocoart.com\/en\/wp-json\/wp\/v2\/pages\/1123\/revisions\/1126"}],"wp:attachment":[{"href":"https:\/\/www.cabocoart.com\/en\/wp-json\/wp\/v2\/media?parent=1123"}],"curies":[{"name":"wp","href":"https:\/\/api.w.org\/{rel}","templated":true}]}}