{"id":21,"date":"2022-07-07T14:52:36","date_gmt":"2022-07-07T14:52:36","guid":{"rendered":"https:\/\/cabocoart.com.hiddenbox.org\/?post_type=product&#038;p=21"},"modified":"2025-09-11T16:50:04","modified_gmt":"2025-09-11T16:50:04","slug":"jacas","status":"publish","type":"product","link":"https:\/\/www.cabocoart.com\/de\/produto\/jacas\/","title":{"rendered":"Jaca"},"content":{"rendered":"<p>Representa\u00e7\u00e3o da fruta Jaca, esculpida delicadamente em barro.<span class=\"Apple-converted-space\">\u00a0<\/span><\/p>\n<p>A Artes\u00e3 \u00e9 Sil de Capela, de Alagoas. Sua cria\u00e7\u00e3o \u00e9 a partir do que visualiza na natureza que traduz esculpindo diminutos detalhes.<\/p>\n","protected":false},"excerpt":{"rendered":"<p>Representa\u00e7\u00e3o da fruta Jaca, esculpida delicadamente em barro.<\/p>\n","protected":false},"featured_media":68,"template":"","meta":[],"product_cat":[22,23,24],"product_tag":[25,27,26],"_links":{"self":[{"href":"https:\/\/www.cabocoart.com\/de\/wp-json\/wp\/v2\/product\/21"}],"collection":[{"href":"https:\/\/www.cabocoart.com\/de\/wp-json\/wp\/v2\/product"}],"about":[{"href":"https:\/\/www.cabocoart.com\/de\/wp-json\/wp\/v2\/types\/product"}],"wp:featuredmedia":[{"embeddable":true,"href":"https:\/\/www.cabocoart.com\/de\/wp-json\/wp\/v2\/media\/68"}],"wp:attachment":[{"href":"https:\/\/www.cabocoart.com\/de\/wp-json\/wp\/v2\/media?parent=21"}],"wp:term":[{"taxonomy":"product_cat","embeddable":true,"href":"https:\/\/www.cabocoart.com\/de\/wp-json\/wp\/v2\/product_cat?post=21"},{"taxonomy":"product_tag","embeddable":true,"href":"https:\/\/www.cabocoart.com\/de\/wp-json\/wp\/v2\/product_tag?post=21"}],"curies":[{"name":"wp","href":"https:\/\/api.w.org\/{rel}","templated":true}]}}